{"id":298,"date":"2021-11-16T10:01:25","date_gmt":"2021-11-16T09:01:25","guid":{"rendered":"https:\/\/sarldelobelle.fr\/?page_id=298"},"modified":"2022-05-10T14:39:56","modified_gmt":"2022-05-10T12:39:56","slug":"notre-atelier","status":"publish","type":"page","link":"https:\/\/sarldelobelle.fr\/index.php\/notre-atelier\/","title":{"rendered":"Notre atelier"},"content":{"rendered":"\n[et_pb_section fb_built=\u00a0\u00bb1&Prime; custom_padding_last_edited=\u00a0\u00bboff|desktop\u00a0\u00bb admin_label=\u00a0\u00bbHeader\u00a0\u00bb _builder_version=\u00a0\u00bb4.13.0&Prime; background_color_gradient_start=\u00a0\u00bbrgba(27,18,61,0.96)\u00a0\u00bb background_color_gradient_end=\u00a0\u00bbrgba(27,18,61,0.88)\u00a0\u00bb background_color_gradient_direction=\u00a0\u00bb90deg\u00a0\u00bb background_image=\u00a0\u00bbhttps:\/\/sarldelobelle.fr\/wp-content\/uploads\/2021\/11\/vento_flex315_2_site_1-copie.png\u00a0\u00bb custom_padding=\u00a0\u00bb8vw||10vw||false|false\u00a0\u00bb custom_padding_tablet=\u00a0\u00bb||||false|false\u00a0\u00bb custom_padding_phone=\u00a0\u00bb||||false|false\u00a0\u00bb locked=\u00a0\u00bboff\u00a0\u00bb global_colors_info=\u00a0\u00bb{}\u00a0\u00bb][et_pb_row column_structure=\u00a0\u00bb1_2,1_2&Prime; make_equal=\u00a0\u00bbon\u00a0\u00bb _builder_version=\u00a0\u00bb4.13.0&Prime; max_width=\u00a0\u00bb1200px\u00a0\u00bb custom_padding=\u00a0\u00bb4%|4%|4%|4%|true|true\u00a0\u00bb border_color_all=\u00a0\u00bb#1b123d\u00a0\u00bb border_width_bottom=\u00a0\u00bb8px\u00a0\u00bb border_color_bottom=\u00a0\u00bb#99191F\u00a0\u00bb border_width_left=\u00a0\u00bb8px\u00a0\u00bb border_color_left=\u00a0\u00bb#99191F\u00a0\u00bb locked=\u00a0\u00bboff\u00a0\u00bb global_colors_info=\u00a0\u00bb{}\u00a0\u00bb][et_pb_column type=\u00a0\u00bb1_2&Prime; _builder_version=\u00a0\u00bb4.4.6&Prime; global_colors_info=\u00a0\u00bb{}\u00a0\u00bb][et_pb_text _builder_version=\u00a0\u00bb4.13.0&Prime; header_font=\u00a0\u00bbHeebo|900||on|||||\u00a0\u00bb header_text_color=\u00a0\u00bb#99191F\u00a0\u00bb header_font_size=\u00a0\u00bb60px\u00a0\u00bb header_letter_spacing=\u00a0\u00bb2px\u00a0\u00bb header_line_height=\u00a0\u00bb1.2em\u00a0\u00bb background_layout=\u00a0\u00bbdark\u00a0\u00bb header_font_size_tablet=\u00a0\u00bb40px\u00a0\u00bb header_font_size_phone=\u00a0\u00bb24px\u00a0\u00bb header_font_size_last_edited=\u00a0\u00bbon|phone\u00a0\u00bb locked=\u00a0\u00bboff\u00a0\u00bb global_colors_info=\u00a0\u00bb{}\u00a0\u00bb]<h1>Notre atelier<\/h1>[\/et_pb_text][\/et_pb_column][et_pb_column type=\u00a0\u00bb1_2&Prime; _builder_version=\u00a0\u00bb4.4.7&Prime; global_colors_info=\u00a0\u00bb{}\u00a0\u00bb][\/et_pb_column][\/et_pb_row][\/et_pb_section][et_pb_section fb_built=\u00a0\u00bb1&Prime; _builder_version=\u00a0\u00bb4.13.0&Prime; _module_preset=\u00a0\u00bbdefault\u00a0\u00bb global_colors_info=\u00a0\u00bb{}\u00a0\u00bb][et_pb_row _builder_version=\u00a0\u00bb4.13.0&Prime; _module_preset=\u00a0\u00bbdefault\u00a0\u00bb animation_style=\u00a0\u00bbfade\u00a0\u00bb global_colors_info=\u00a0\u00bb{}\u00a0\u00bb][et_pb_column type=\u00a0\u00bb4_4&Prime; _builder_version=\u00a0\u00bb4.13.0&Prime; _module_preset=\u00a0\u00bbdefault\u00a0\u00bb global_colors_info=\u00a0\u00bb{}\u00a0\u00bb][et_pb_text _builder_version=\u00a0\u00bb4.13.0&Prime; _module_preset=\u00a0\u00bbdefault\u00a0\u00bb header_2_font=\u00a0\u00bb|700||on|||||\u00a0\u00bb header_2_text_align=\u00a0\u00bbcenter\u00a0\u00bb header_2_font_size=\u00a0\u00bb40px\u00a0\u00bb border_width_bottom=\u00a0\u00bb5px\u00a0\u00bb border_color_bottom=\u00a0\u00bb#99191F\u00a0\u00bb global_colors_info=\u00a0\u00bb{}\u00a0\u00bb]<h2>D\u00e9coupe Laser T\u00f4le \/ D\u00e9coupe Laser Tube<\/h2>[\/et_pb_text][et_pb_image src=\u00a0\u00bbhttps:\/\/sarldelobelle.fr\/wp-content\/uploads\/2021\/11\/vento_flex315_2_site_1.jpg\u00a0\u00bb title_text=\u00a0\u00bbvento_flex315_2_site_1&Prime; _builder_version=\u00a0\u00bb4.13.0&Prime; _module_preset=\u00a0\u00bbdefault\u00a0\u00bb border_width_bottom=\u00a0\u00bb8px\u00a0\u00bb border_color_bottom=\u00a0\u00bb#99191F\u00a0\u00bb global_colors_info=\u00a0\u00bb{}\u00a0\u00bb][\/et_pb_image][\/et_pb_column][\/et_pb_row][\/et_pb_section][et_pb_section fb_built=\u00a0\u00bb1&Prime; _builder_version=\u00a0\u00bb4.13.0&Prime; _module_preset=\u00a0\u00bbdefault\u00a0\u00bb background_color=\u00a0\u00bb#EAEAEA\u00a0\u00bb global_colors_info=\u00a0\u00bb{}\u00a0\u00bb][et_pb_row column_structure=\u00a0\u00bb1_2,1_2&Prime; _builder_version=\u00a0\u00bb4.13.0&Prime; _module_preset=\u00a0\u00bbdefault\u00a0\u00bb global_colors_info=\u00a0\u00bb{}\u00a0\u00bb][et_pb_column type=\u00a0\u00bb1_2&Prime; _builder_version=\u00a0\u00bb4.13.0&Prime; _module_preset=\u00a0\u00bbdefault\u00a0\u00bb animation_style=\u00a0\u00bbfade\u00a0\u00bb global_colors_info=\u00a0\u00bb{}\u00a0\u00bb][et_pb_text _builder_version=\u00a0\u00bb4.13.0&Prime; _module_preset=\u00a0\u00bbdefault\u00a0\u00bb header_2_font=\u00a0\u00bb|700||on|||||\u00a0\u00bb header_2_text_align=\u00a0\u00bbcenter\u00a0\u00bb header_2_font_size=\u00a0\u00bb40px\u00a0\u00bb border_width_bottom=\u00a0\u00bb5px\u00a0\u00bb border_color_bottom=\u00a0\u00bb#99191F\u00a0\u00bb global_colors_info=\u00a0\u00bb{}\u00a0\u00bb]<h2>M\u00e9cano-soudure<\/h2>[\/et_pb_text][et_pb_image src=\u00a0\u00bbhttps:\/\/sarldelobelle.fr\/wp-content\/uploads\/2021\/11\/shutterstock_185697230-1.jpg\u00a0\u00bb title_text=\u00a0\u00bbshutterstock_185697230-1&Prime; _builder_version=\u00a0\u00bb4.13.0&Prime; _module_preset=\u00a0\u00bbdefault\u00a0\u00bb border_width_bottom=\u00a0\u00bb8px\u00a0\u00bb border_color_bottom=\u00a0\u00bb#99191F\u00a0\u00bb global_colors_info=\u00a0\u00bb{}\u00a0\u00bb][\/et_pb_image][\/et_pb_column][et_pb_column type=\u00a0\u00bb1_2&Prime; _builder_version=\u00a0\u00bb4.13.0&Prime; _module_preset=\u00a0\u00bbdefault\u00a0\u00bb animation_style=\u00a0\u00bbfade\u00a0\u00bb animation_delay=\u00a0\u00bb200ms\u00a0\u00bb global_colors_info=\u00a0\u00bb{}\u00a0\u00bb][et_pb_text _builder_version=\u00a0\u00bb4.13.0&Prime; _module_preset=\u00a0\u00bbdefault\u00a0\u00bb header_2_font=\u00a0\u00bb|700||on|||||\u00a0\u00bb header_2_text_align=\u00a0\u00bbcenter\u00a0\u00bb header_2_font_size=\u00a0\u00bb40px\u00a0\u00bb border_width_bottom=\u00a0\u00bb5px\u00a0\u00bb border_color_bottom=\u00a0\u00bb#99191F\u00a0\u00bb global_colors_info=\u00a0\u00bb{}\u00a0\u00bb]<h2>Robot de soudure<\/h2>[\/et_pb_text][et_pb_image src=\u00a0\u00bbhttps:\/\/sarldelobelle.fr\/wp-content\/uploads\/2021\/11\/5780853.1620372493__.jpg\u00a0\u00bb title_text=\u00a0\u00bb5780853.1620372493__\u00a0\u00bb _builder_version=\u00a0\u00bb4.13.0&Prime; _module_preset=\u00a0\u00bbdefault\u00a0\u00bb border_width_bottom=\u00a0\u00bb8px\u00a0\u00bb border_color_bottom=\u00a0\u00bb#99191F\u00a0\u00bb global_colors_info=\u00a0\u00bb{}\u00a0\u00bb][\/et_pb_image][\/et_pb_column][\/et_pb_row][et_pb_row column_structure=\u00a0\u00bb1_2,1_2&Prime; _builder_version=\u00a0\u00bb4.13.0&Prime; _module_preset=\u00a0\u00bbdefault\u00a0\u00bb global_colors_info=\u00a0\u00bb{}\u00a0\u00bb][et_pb_column type=\u00a0\u00bb1_2&Prime; _builder_version=\u00a0\u00bb4.13.0&Prime; _module_preset=\u00a0\u00bbdefault\u00a0\u00bb animation_style=\u00a0\u00bbfade\u00a0\u00bb global_colors_info=\u00a0\u00bb{}\u00a0\u00bb][et_pb_text _builder_version=\u00a0\u00bb4.13.0&Prime; _module_preset=\u00a0\u00bbdefault\u00a0\u00bb header_2_font=\u00a0\u00bb|700||on|||||\u00a0\u00bb header_2_text_align=\u00a0\u00bbcenter\u00a0\u00bb header_2_font_size=\u00a0\u00bb40px\u00a0\u00bb border_width_bottom=\u00a0\u00bb5px\u00a0\u00bb border_color_bottom=\u00a0\u00bb#99191F\u00a0\u00bb global_colors_info=\u00a0\u00bb{}\u00a0\u00bb]<h2>Pliage<\/h2>[\/et_pb_text][et_pb_image src=\u00a0\u00bbhttps:\/\/sarldelobelle.fr\/wp-content\/uploads\/2021\/11\/pliage-metal.jpg\u00a0\u00bb title_text=\u00a0\u00bbpliage-m\u00e9tal\u00a0\u00bb _builder_version=\u00a0\u00bb4.13.0&Prime; _module_preset=\u00a0\u00bbdefault\u00a0\u00bb border_width_bottom=\u00a0\u00bb8px\u00a0\u00bb border_color_bottom=\u00a0\u00bb#99191F\u00a0\u00bb global_colors_info=\u00a0\u00bb{}\u00a0\u00bb][\/et_pb_image][\/et_pb_column][et_pb_column type=\u00a0\u00bb1_2&Prime; _builder_version=\u00a0\u00bb4.13.0&Prime; _module_preset=\u00a0\u00bbdefault\u00a0\u00bb animation_style=\u00a0\u00bbfade\u00a0\u00bb animation_delay=\u00a0\u00bb200ms\u00a0\u00bb global_colors_info=\u00a0\u00bb{}\u00a0\u00bb][et_pb_text _builder_version=\u00a0\u00bb4.13.0&Prime; _module_preset=\u00a0\u00bbdefault\u00a0\u00bb header_2_font=\u00a0\u00bb|700||on|||||\u00a0\u00bb header_2_text_align=\u00a0\u00bbcenter\u00a0\u00bb header_2_font_size=\u00a0\u00bb40px\u00a0\u00bb border_width_bottom=\u00a0\u00bb5px\u00a0\u00bb border_color_bottom=\u00a0\u00bb#99191F\u00a0\u00bb global_colors_info=\u00a0\u00bb{}\u00a0\u00bb]<h2>Thermolaquage<\/h2>[\/et_pb_text][et_pb_image src=\u00a0\u00bbhttps:\/\/sarldelobelle.fr\/wp-content\/uploads\/2021\/11\/shutterstock_95037682.jpg\u00a0\u00bb title_text=\u00a0\u00bbshutterstock_95037682&Prime; _builder_version=\u00a0\u00bb4.13.0&Prime; _module_preset=\u00a0\u00bbdefault\u00a0\u00bb border_width_bottom=\u00a0\u00bb8px\u00a0\u00bb border_color_bottom=\u00a0\u00bb#99191F\u00a0\u00bb global_colors_info=\u00a0\u00bb{}\u00a0\u00bb][\/et_pb_image][\/et_pb_column][\/et_pb_row][\/et_pb_section]\n","protected":false},"excerpt":{"rendered":"<p>Notre atelierD\u00e9coupe Laser T\u00f4le \/ D\u00e9coupe Laser TubeM\u00e9cano-soudureRobot de soudurePliageThermolaquage<\/p>\n","protected":false},"author":1,"featured_media":0,"parent":0,"menu_order":0,"comment_status":"closed","ping_status":"closed","template":"","meta":{"_et_pb_use_builder":"on","_et_pb_old_content":"","_et_gb_content_width":"","footnotes":""},"yoast_head":"<!-- This site is optimized with the Yoast SEO plugin v19.14 - https:\/\/yoast.com\/wordpress\/plugins\/seo\/ -->\n<title>SARL Delobelle - Activit\u00e9s de soudeur<\/title>\n<meta name=\"description\" content=\"R\u00e9alisation de soudure, pliage, d\u00e9coupe laser, thermolaquage pour m\u00e9tallerie, chariot, roue et roulette. Equipement de chaudronnerie\" \/>\n<meta name=\"robots\" content=\"index, follow, max-snippet:-1, max-image-preview:large, max-video-preview:-1\" \/>\n<link rel=\"canonical\" href=\"https:\/\/sarldelobelle.fr\/index.php\/notre-atelier\/\" \/>\n<meta property=\"og:locale\" content=\"fr_FR\" \/>\n<meta property=\"og:type\" content=\"article\" \/>\n<meta property=\"og:title\" content=\"SARL Delobelle - Activit\u00e9s de soudeur\" \/>\n<meta property=\"og:description\" content=\"R\u00e9alisation de soudure, pliage, d\u00e9coupe laser, thermolaquage pour m\u00e9tallerie, chariot, roue et roulette. Equipement de chaudronnerie\" \/>\n<meta property=\"og:url\" content=\"https:\/\/sarldelobelle.fr\/index.php\/notre-atelier\/\" \/>\n<meta property=\"og:site_name\" content=\"SARL Delobelle\" \/>\n<meta property=\"article:modified_time\" content=\"2022-05-10T12:39:56+00:00\" \/>\n<meta name=\"twitter:card\" content=\"summary_large_image\" \/>\n<meta name=\"twitter:label1\" content=\"Dur\u00e9e de lecture estim\u00e9e\" \/>\n\t<meta name=\"twitter:data1\" content=\"1 minute\" \/>\n<script type=\"application\/ld+json\" class=\"yoast-schema-graph\">{\"@context\":\"https:\/\/schema.org\",\"@graph\":[{\"@type\":\"WebPage\",\"@id\":\"https:\/\/sarldelobelle.fr\/index.php\/notre-atelier\/\",\"url\":\"https:\/\/sarldelobelle.fr\/index.php\/notre-atelier\/\",\"name\":\"SARL Delobelle - Activit\u00e9s de soudeur\",\"isPartOf\":{\"@id\":\"https:\/\/sarldelobelle.fr\/#website\"},\"datePublished\":\"2021-11-16T09:01:25+00:00\",\"dateModified\":\"2022-05-10T12:39:56+00:00\",\"description\":\"R\u00e9alisation de soudure, pliage, d\u00e9coupe laser, thermolaquage pour m\u00e9tallerie, chariot, roue et roulette. Equipement de chaudronnerie\",\"breadcrumb\":{\"@id\":\"https:\/\/sarldelobelle.fr\/index.php\/notre-atelier\/#breadcrumb\"},\"inLanguage\":\"fr-FR\",\"potentialAction\":[{\"@type\":\"ReadAction\",\"target\":[\"https:\/\/sarldelobelle.fr\/index.php\/notre-atelier\/\"]}]},{\"@type\":\"BreadcrumbList\",\"@id\":\"https:\/\/sarldelobelle.fr\/index.php\/notre-atelier\/#breadcrumb\",\"itemListElement\":[{\"@type\":\"ListItem\",\"position\":1,\"name\":\"Accueil\",\"item\":\"https:\/\/sarldelobelle.fr\/\"},{\"@type\":\"ListItem\",\"position\":2,\"name\":\"Notre atelier\"}]},{\"@type\":\"WebSite\",\"@id\":\"https:\/\/sarldelobelle.fr\/#website\",\"url\":\"https:\/\/sarldelobelle.fr\/\",\"name\":\"SARL Delobelle\",\"description\":\"Tolerie - Mecano - Soudure - Mobilier Urbain\",\"potentialAction\":[{\"@type\":\"SearchAction\",\"target\":{\"@type\":\"EntryPoint\",\"urlTemplate\":\"https:\/\/sarldelobelle.fr\/?s={search_term_string}\"},\"query-input\":\"required name=search_term_string\"}],\"inLanguage\":\"fr-FR\"}]}<\/script>\n<!-- \/ Yoast SEO plugin. -->","yoast_head_json":{"title":"SARL Delobelle - Activit\u00e9s de soudeur","description":"R\u00e9alisation de soudure, pliage, d\u00e9coupe laser, thermolaquage pour m\u00e9tallerie, chariot, roue et roulette. Equipement de chaudronnerie","robots":{"index":"index","follow":"follow","max-snippet":"max-snippet:-1","max-image-preview":"max-image-preview:large","max-video-preview":"max-video-preview:-1"},"canonical":"https:\/\/sarldelobelle.fr\/index.php\/notre-atelier\/","og_locale":"fr_FR","og_type":"article","og_title":"SARL Delobelle - Activit\u00e9s de soudeur","og_description":"R\u00e9alisation de soudure, pliage, d\u00e9coupe laser, thermolaquage pour m\u00e9tallerie, chariot, roue et roulette. Equipement de chaudronnerie","og_url":"https:\/\/sarldelobelle.fr\/index.php\/notre-atelier\/","og_site_name":"SARL Delobelle","article_modified_time":"2022-05-10T12:39:56+00:00","twitter_card":"summary_large_image","twitter_misc":{"Dur\u00e9e de lecture estim\u00e9e":"1 minute"},"schema":{"@context":"https:\/\/schema.org","@graph":[{"@type":"WebPage","@id":"https:\/\/sarldelobelle.fr\/index.php\/notre-atelier\/","url":"https:\/\/sarldelobelle.fr\/index.php\/notre-atelier\/","name":"SARL Delobelle - Activit\u00e9s de soudeur","isPartOf":{"@id":"https:\/\/sarldelobelle.fr\/#website"},"datePublished":"2021-11-16T09:01:25+00:00","dateModified":"2022-05-10T12:39:56+00:00","description":"R\u00e9alisation de soudure, pliage, d\u00e9coupe laser, thermolaquage pour m\u00e9tallerie, chariot, roue et roulette. Equipement de chaudronnerie","breadcrumb":{"@id":"https:\/\/sarldelobelle.fr\/index.php\/notre-atelier\/#breadcrumb"},"inLanguage":"fr-FR","potentialAction":[{"@type":"ReadAction","target":["https:\/\/sarldelobelle.fr\/index.php\/notre-atelier\/"]}]},{"@type":"BreadcrumbList","@id":"https:\/\/sarldelobelle.fr\/index.php\/notre-atelier\/#breadcrumb","itemListElement":[{"@type":"ListItem","position":1,"name":"Accueil","item":"https:\/\/sarldelobelle.fr\/"},{"@type":"ListItem","position":2,"name":"Notre atelier"}]},{"@type":"WebSite","@id":"https:\/\/sarldelobelle.fr\/#website","url":"https:\/\/sarldelobelle.fr\/","name":"SARL Delobelle","description":"Tolerie - Mecano - Soudure - Mobilier Urbain","potentialAction":[{"@type":"SearchAction","target":{"@type":"EntryPoint","urlTemplate":"https:\/\/sarldelobelle.fr\/?s={search_term_string}"},"query-input":"required name=search_term_string"}],"inLanguage":"fr-FR"}]}},"_links":{"self":[{"href":"https:\/\/sarldelobelle.fr\/index.php\/wp-json\/wp\/v2\/pages\/298"}],"collection":[{"href":"https:\/\/sarldelobelle.fr\/index.php\/wp-json\/wp\/v2\/pages"}],"about":[{"href":"https:\/\/sarldelobelle.fr\/index.php\/wp-json\/wp\/v2\/types\/page"}],"author":[{"embeddable":true,"href":"https:\/\/sarldelobelle.fr\/index.php\/wp-json\/wp\/v2\/users\/1"}],"replies":[{"embeddable":true,"href":"https:\/\/sarldelobelle.fr\/index.php\/wp-json\/wp\/v2\/comments?post=298"}],"version-history":[{"count":1,"href":"https:\/\/sarldelobelle.fr\/index.php\/wp-json\/wp\/v2\/pages\/298\/revisions"}],"predecessor-version":[{"id":337,"href":"https:\/\/sarldelobelle.fr\/index.php\/wp-json\/wp\/v2\/pages\/298\/revisions\/337"}],"wp:attachment":[{"href":"https:\/\/sarldelobelle.fr\/index.php\/wp-json\/wp\/v2\/media?parent=298"}],"curies":[{"name":"wp","href":"https:\/\/api.w.org\/{rel}","templated":true}]}}